{"id":4836,"date":"2023-05-18T05:44:50","date_gmt":"2023-05-18T05:44:50","guid":{"rendered":"https:\/\/kozelsky.ch\/impressum\/"},"modified":"2023-06-22T14:35:33","modified_gmt":"2023-06-22T14:35:33","slug":"impressum","status":"publish","type":"page","link":"https:\/\/kozelsky.ch\/de\/impressum\/","title":{"rendered":"Impressum"},"content":{"rendered":"\t\t<div data-elementor-type=\"wp-page\" data-elementor-id=\"4836\" class=\"elementor elementor-4836 elementor-4796\" data-elementor-post-type=\"page\">\n\t\t\t\t<div class=\"has_eae_slider elementor-element elementor-element-595b3e9 e-flex e-con-boxed e-con e-parent\" data-eae-slider=\"25819\" data-id=\"595b3e9\" data-element_type=\"container\">\n\t\t\t\t\t<div class=\"e-con-inner\">\n\t\t\t\t\t<\/div>\n\t\t\t\t<\/div>\n\t\t<div class=\"has_eae_slider elementor-element elementor-element-8e3d86a e-flex e-con-boxed e-con e-parent\" data-eae-slider=\"48531\" data-id=\"8e3d86a\" data-element_type=\"container\">\n\t\t\t\t\t<div class=\"e-con-inner\">\n\t\t\t\t<div class=\"elementor-element elementor-element-9459fdb elementor-widget elementor-widget-text-editor\" data-id=\"9459fdb\" data-element_type=\"widget\" data-widget_type=\"text-editor.default\">\n\t\t\t\t<div class=\"elementor-widget-container\">\n\t\t\t\t\t\t\t\t\t<p>Kozelsky S\u00e0rl,<br \/>\nPassage de la Matze 3<br \/>\n1950 Sion<\/p>\n<p>Gesch\u00e4ftsleitung: Fabian Kozelsky und M\u00e9lanie Rausis<\/p>\n<p>Telefonnummer +41 79 217 71 61<br \/>\nE-Mail welcome@kozelsky.ch<\/p>\n<p>Handelsregister Nr.: CH-626.4.021.562-6<br \/>\nRechtsform: Gesellschaft mit beschr\u00e4nkter Haftung<br \/>\nUmsatzsteuer-Identifikationsnummer: CHE-264.732.489<\/p>\n\t\t\t\t\t\t\t\t<\/div>\n\t\t\t\t<\/div>\n\t\t\t\t\t<\/div>\n\t\t\t\t<\/div>\n\t\t\t\t<\/div>\n\t\t","protected":false},"excerpt":{"rendered":"<p>Kozelsky S\u00e0rl, Passage de la Matze 3 1950 Sion Gesch\u00e4ftsleitung: Fabian Kozelsky und M\u00e9lanie Rausis Telefonnummer +41 79 217 71 61 E-Mail welcome@kozelsky.ch Handelsregister Nr.: CH-626.4.021.562-6 Rechtsform: Gesellschaft mit beschr\u00e4nkter Haftung Umsatzsteuer-Identifikationsnummer: CHE-264.732.489<\/p>\n","protected":false},"author":1,"featured_media":0,"parent":0,"menu_order":0,"comment_status":"closed","ping_status":"closed","template":"","meta":{"site-sidebar-layout":"no-sidebar","site-content-layout":"page-builder","ast-site-content-layout":"default","site-content-style":"default","site-sidebar-style":"default","ast-global-header-display":"","ast-banner-title-visibility":"","ast-main-header-display":"","ast-hfb-above-header-display":"","ast-hfb-below-header-display":"","ast-hfb-mobile-header-display":"","site-post-title":"disabled","ast-breadcrumbs-content":"","ast-featured-img":"disabled","footer-sml-layout":"","ast-disable-related-posts":"","theme-transparent-header-meta":"","adv-header-id-meta":"","stick-header-meta":"","header-above-stick-meta":"","header-main-stick-meta":"","header-below-stick-meta":"","astra-migrate-meta-layouts":"default","ast-page-background-enabled":"default","ast-page-background-meta":{"desktop":{"background-color":"var(--ast-global-color-4)","background-image":"","background-repeat":"repeat","background-position":"center center","background-size":"auto","background-attachment":"scroll","background-type":"","background-media":"","overlay-type":"","overlay-color":"","overlay-opacity":"","overlay-gradient":""},"tablet":{"background-color":"","background-image":"","background-repeat":"repeat","background-position":"center center","background-size":"auto","background-attachment":"scroll","background-type":"","background-media":"","overlay-type":"","overlay-color":"","overlay-opacity":"","overlay-gradient":""},"mobile":{"background-color":"","background-image":"","background-repeat":"repeat","background-position":"center center","background-size":"auto","background-attachment":"scroll","background-type":"","background-media":"","overlay-type":"","overlay-color":"","overlay-opacity":"","overlay-gradient":""}},"ast-content-background-meta":{"desktop":{"background-color":"var(--ast-global-color-5)","background-image":"","background-repeat":"repeat","background-position":"center center","background-size":"auto","background-attachment":"scroll","background-type":"","background-media":"","overlay-type":"","overlay-color":"","overlay-opacity":"","overlay-gradient":""},"tablet":{"background-color":"var(--ast-global-color-5)","background-image":"","background-repeat":"repeat","background-position":"center center","background-size":"auto","background-attachment":"scroll","background-type":"","background-media":"","overlay-type":"","overlay-color":"","overlay-opacity":"","overlay-gradient":""},"mobile":{"background-color":"var(--ast-global-color-5)","background-image":"","background-repeat":"repeat","background-position":"center center","background-size":"auto","background-attachment":"scroll","background-type":"","background-media":"","overlay-type":"","overlay-color":"","overlay-opacity":"","overlay-gradient":""}},"footnotes":""},"class_list":["post-4836","page","type-page","status-publish","hentry"],"yoast_head":"<!-- This site is optimized with the Yoast SEO plugin v27.4 - https:\/\/yoast.com\/product\/yoast-seo-wordpress\/ -->\n<title>Impressum - Kozelsky<\/title>\n<meta name=\"robots\" content=\"index, follow, max-snippet:-1, max-image-preview:large, max-video-preview:-1\" \/>\n<link rel=\"canonical\" href=\"https:\/\/kozelsky.ch\/de\/impressum\/\" \/>\n<meta property=\"og:locale\" content=\"de_DE\" \/>\n<meta property=\"og:type\" content=\"article\" \/>\n<meta property=\"og:title\" content=\"Impressum - Kozelsky\" \/>\n<meta property=\"og:description\" content=\"Kozelsky S\u00e0rl, Passage de la Matze 3 1950 Sion Gesch\u00e4ftsleitung: Fabian Kozelsky und M\u00e9lanie Rausis Telefonnummer +41 79 217 71 61 E-Mail welcome@kozelsky.ch Handelsregister Nr.: CH-626.4.021.562-6 Rechtsform: Gesellschaft mit beschr\u00e4nkter Haftung Umsatzsteuer-Identifikationsnummer: CHE-264.732.489\" \/>\n<meta property=\"og:url\" content=\"https:\/\/kozelsky.ch\/de\/impressum\/\" \/>\n<meta property=\"og:site_name\" content=\"Kozelsky\" \/>\n<meta property=\"article:publisher\" content=\"https:\/\/www.facebook.com\/Kozelsky.Catering\/\" \/>\n<meta property=\"article:modified_time\" content=\"2023-06-22T14:35:33+00:00\" \/>\n<meta name=\"twitter:card\" content=\"summary_large_image\" \/>\n<script type=\"application\/ld+json\" class=\"yoast-schema-graph\">{\"@context\":\"https:\\\/\\\/schema.org\",\"@graph\":[{\"@type\":\"WebPage\",\"@id\":\"https:\\\/\\\/kozelsky.ch\\\/de\\\/impressum\\\/\",\"url\":\"https:\\\/\\\/kozelsky.ch\\\/de\\\/impressum\\\/\",\"name\":\"Impressum - Kozelsky\",\"isPartOf\":{\"@id\":\"https:\\\/\\\/kozelsky.ch\\\/de\\\/#website\"},\"datePublished\":\"2023-05-18T05:44:50+00:00\",\"dateModified\":\"2023-06-22T14:35:33+00:00\",\"breadcrumb\":{\"@id\":\"https:\\\/\\\/kozelsky.ch\\\/de\\\/impressum\\\/#breadcrumb\"},\"inLanguage\":\"de\",\"potentialAction\":[{\"@type\":\"ReadAction\",\"target\":[\"https:\\\/\\\/kozelsky.ch\\\/de\\\/impressum\\\/\"]}]},{\"@type\":\"BreadcrumbList\",\"@id\":\"https:\\\/\\\/kozelsky.ch\\\/de\\\/impressum\\\/#breadcrumb\",\"itemListElement\":[{\"@type\":\"ListItem\",\"position\":1,\"name\":\"Home\",\"item\":\"https:\\\/\\\/kozelsky.ch\\\/de\\\/\"},{\"@type\":\"ListItem\",\"position\":2,\"name\":\"Impressum\"}]},{\"@type\":\"WebSite\",\"@id\":\"https:\\\/\\\/kozelsky.ch\\\/de\\\/#website\",\"url\":\"https:\\\/\\\/kozelsky.ch\\\/de\\\/\",\"name\":\"Kozelsky\",\"description\":\"\",\"publisher\":{\"@id\":\"https:\\\/\\\/kozelsky.ch\\\/de\\\/#organization\"},\"potentialAction\":[{\"@type\":\"SearchAction\",\"target\":{\"@type\":\"EntryPoint\",\"urlTemplate\":\"https:\\\/\\\/kozelsky.ch\\\/de\\\/?s={search_term_string}\"},\"query-input\":{\"@type\":\"PropertyValueSpecification\",\"valueRequired\":true,\"valueName\":\"search_term_string\"}}],\"inLanguage\":\"de\"},{\"@type\":\"Organization\",\"@id\":\"https:\\\/\\\/kozelsky.ch\\\/de\\\/#organization\",\"name\":\"KOZELSKY S\u00c0RL\",\"url\":\"https:\\\/\\\/kozelsky.ch\\\/de\\\/\",\"logo\":{\"@type\":\"ImageObject\",\"inLanguage\":\"de\",\"@id\":\"https:\\\/\\\/kozelsky.ch\\\/de\\\/#\\\/schema\\\/logo\\\/image\\\/\",\"url\":\"https:\\\/\\\/kozelsky.ch\\\/wp-content\\\/uploads\\\/2023\\\/02\\\/Kozelsky-Catering.png\",\"contentUrl\":\"https:\\\/\\\/kozelsky.ch\\\/wp-content\\\/uploads\\\/2023\\\/02\\\/Kozelsky-Catering.png\",\"width\":320,\"height\":220,\"caption\":\"KOZELSKY S\u00c0RL\"},\"image\":{\"@id\":\"https:\\\/\\\/kozelsky.ch\\\/de\\\/#\\\/schema\\\/logo\\\/image\\\/\"},\"sameAs\":[\"https:\\\/\\\/www.facebook.com\\\/Kozelsky.Catering\\\/\",\"https:\\\/\\\/www.instagram.com\\\/bus_11_97\\\/\",\"https:\\\/\\\/www.linkedin.com\\\/in\\\/kozelsky-catering-7b9754264\"]}]}<\/script>\n<!-- \/ Yoast SEO plugin. -->","yoast_head_json":{"title":"Impressum - Kozelsky","robots":{"index":"index","follow":"follow","max-snippet":"max-snippet:-1","max-image-preview":"max-image-preview:large","max-video-preview":"max-video-preview:-1"},"canonical":"https:\/\/kozelsky.ch\/de\/impressum\/","og_locale":"de_DE","og_type":"article","og_title":"Impressum - Kozelsky","og_description":"Kozelsky S\u00e0rl, Passage de la Matze 3 1950 Sion Gesch\u00e4ftsleitung: Fabian Kozelsky und M\u00e9lanie Rausis Telefonnummer +41 79 217 71 61 E-Mail welcome@kozelsky.ch Handelsregister Nr.: CH-626.4.021.562-6 Rechtsform: Gesellschaft mit beschr\u00e4nkter Haftung Umsatzsteuer-Identifikationsnummer: CHE-264.732.489","og_url":"https:\/\/kozelsky.ch\/de\/impressum\/","og_site_name":"Kozelsky","article_publisher":"https:\/\/www.facebook.com\/Kozelsky.Catering\/","article_modified_time":"2023-06-22T14:35:33+00:00","twitter_card":"summary_large_image","schema":{"@context":"https:\/\/schema.org","@graph":[{"@type":"WebPage","@id":"https:\/\/kozelsky.ch\/de\/impressum\/","url":"https:\/\/kozelsky.ch\/de\/impressum\/","name":"Impressum - Kozelsky","isPartOf":{"@id":"https:\/\/kozelsky.ch\/de\/#website"},"datePublished":"2023-05-18T05:44:50+00:00","dateModified":"2023-06-22T14:35:33+00:00","breadcrumb":{"@id":"https:\/\/kozelsky.ch\/de\/impressum\/#breadcrumb"},"inLanguage":"de","potentialAction":[{"@type":"ReadAction","target":["https:\/\/kozelsky.ch\/de\/impressum\/"]}]},{"@type":"BreadcrumbList","@id":"https:\/\/kozelsky.ch\/de\/impressum\/#breadcrumb","itemListElement":[{"@type":"ListItem","position":1,"name":"Home","item":"https:\/\/kozelsky.ch\/de\/"},{"@type":"ListItem","position":2,"name":"Impressum"}]},{"@type":"WebSite","@id":"https:\/\/kozelsky.ch\/de\/#website","url":"https:\/\/kozelsky.ch\/de\/","name":"Kozelsky","description":"","publisher":{"@id":"https:\/\/kozelsky.ch\/de\/#organization"},"potentialAction":[{"@type":"SearchAction","target":{"@type":"EntryPoint","urlTemplate":"https:\/\/kozelsky.ch\/de\/?s={search_term_string}"},"query-input":{"@type":"PropertyValueSpecification","valueRequired":true,"valueName":"search_term_string"}}],"inLanguage":"de"},{"@type":"Organization","@id":"https:\/\/kozelsky.ch\/de\/#organization","name":"KOZELSKY S\u00c0RL","url":"https:\/\/kozelsky.ch\/de\/","logo":{"@type":"ImageObject","inLanguage":"de","@id":"https:\/\/kozelsky.ch\/de\/#\/schema\/logo\/image\/","url":"https:\/\/kozelsky.ch\/wp-content\/uploads\/2023\/02\/Kozelsky-Catering.png","contentUrl":"https:\/\/kozelsky.ch\/wp-content\/uploads\/2023\/02\/Kozelsky-Catering.png","width":320,"height":220,"caption":"KOZELSKY S\u00c0RL"},"image":{"@id":"https:\/\/kozelsky.ch\/de\/#\/schema\/logo\/image\/"},"sameAs":["https:\/\/www.facebook.com\/Kozelsky.Catering\/","https:\/\/www.instagram.com\/bus_11_97\/","https:\/\/www.linkedin.com\/in\/kozelsky-catering-7b9754264"]}]}},"_links":{"self":[{"href":"https:\/\/kozelsky.ch\/de\/wp-json\/wp\/v2\/pages\/4836","targetHints":{"allow":["GET"]}}],"collection":[{"href":"https:\/\/kozelsky.ch\/de\/wp-json\/wp\/v2\/pages"}],"about":[{"href":"https:\/\/kozelsky.ch\/de\/wp-json\/wp\/v2\/types\/page"}],"author":[{"embeddable":true,"href":"https:\/\/kozelsky.ch\/de\/wp-json\/wp\/v2\/users\/1"}],"replies":[{"embeddable":true,"href":"https:\/\/kozelsky.ch\/de\/wp-json\/wp\/v2\/comments?post=4836"}],"version-history":[{"count":5,"href":"https:\/\/kozelsky.ch\/de\/wp-json\/wp\/v2\/pages\/4836\/revisions"}],"predecessor-version":[{"id":6023,"href":"https:\/\/kozelsky.ch\/de\/wp-json\/wp\/v2\/pages\/4836\/revisions\/6023"}],"wp:attachment":[{"href":"https:\/\/kozelsky.ch\/de\/wp-json\/wp\/v2\/media?parent=4836"}],"curies":[{"name":"wp","href":"https:\/\/api.w.org\/{rel}","templated":true}]}}